{"id":84,"date":"2019-07-17T23:05:43","date_gmt":"2019-07-17T21:05:43","guid":{"rendered":"http:\/\/liemer-rc.com\/?page_id=84"},"modified":"2019-10-31T00:01:22","modified_gmt":"2019-10-30T23:01:22","slug":"was-ist-kunstradfahren","status":"publish","type":"page","link":"https:\/\/liemer-rc.com\/?page_id=84","title":{"rendered":"Was ist Kunstradfahren"},"content":{"rendered":"\n<p>Kunstradfahren ist Radakrobatik in Perfektion.<\/p>\n\n\n\n<p>Mit turnerischem K\u00f6nnen in Kombination mit Balance und Kraft fahren die Sportler H\u00f6chstschwierigkeiten auf dem  handgefertigten Kunstrad. F\u00fcr eine Wettkampfk\u00fcr sind in 5 Minuten bis zu  28 \u00dcbungselemente zu pr\u00e4sentieren. Dabei w\u00e4hlen die Sportler aus einem  umfangreichen Repertoire von \u00dcbungen wie z. B. Drehungen, \u00dcberg\u00e4nge oder  Handstande. Wahrend in der 2er Disziplin die K\u00fcrelemente sowohl auf  zwei, als auch auf einem Rad ausgef\u00fchrt werden m\u00fcssen, steht im  Mannschaftssport die Synchronit\u00e4t an erster Stelle. <\/p>\n","protected":false},"excerpt":{"rendered":"<p>Kunstradfahren ist Radakrobatik in Perfektion. Mit turnerischem K\u00f6nnen in Kombination mit Balance und Kraft fahren die Sportler H\u00f6chstschwierigkeiten auf dem handgefertigten Kunstrad. F\u00fcr eine Wettkampfk\u00fcr sind in 5 Minuten bis zu 28 \u00dcbungselemente zu pr\u00e4sentieren. Dabei w\u00e4hlen die Sportler aus einem umfangreichen Repertoire von \u00dcbungen wie z. B. Drehungen, \u00dcberg\u00e4nge oder Handstande. Wahrend in der [&hellip;]<\/p>\n","protected":false},"author":1,"featured_media":0,"parent":0,"menu_order":0,"comment_status":"closed","ping_status":"closed","template":"","meta":{"footnotes":""},"class_list":["post-84","page","type-page","status-publish","hentry","entry"],"_links":{"self":[{"href":"https:\/\/liemer-rc.com\/index.php?rest_route=\/wp\/v2\/pages\/84","targetHints":{"allow":["GET"]}}],"collection":[{"href":"https:\/\/liemer-rc.com\/index.php?rest_route=\/wp\/v2\/pages"}],"about":[{"href":"https:\/\/liemer-rc.com\/index.php?rest_route=\/wp\/v2\/types\/page"}],"author":[{"embeddable":true,"href":"https:\/\/liemer-rc.com\/index.php?rest_route=\/wp\/v2\/users\/1"}],"replies":[{"embeddable":true,"href":"https:\/\/liemer-rc.com\/index.php?rest_route=%2Fwp%2Fv2%2Fcomments&post=84"}],"version-history":[{"count":2,"href":"https:\/\/liemer-rc.com\/index.php?rest_route=\/wp\/v2\/pages\/84\/revisions"}],"predecessor-version":[{"id":125,"href":"https:\/\/liemer-rc.com\/index.php?rest_route=\/wp\/v2\/pages\/84\/revisions\/125"}],"wp:attachment":[{"href":"https:\/\/liemer-rc.com\/index.php?rest_route=%2Fwp%2Fv2%2Fmedia&parent=84"}],"curies":[{"name":"wp","href":"https:\/\/api.w.org\/{rel}","templated":true}]}}