{"id":86,"date":"2019-07-17T23:05:54","date_gmt":"2019-07-17T21:05:54","guid":{"rendered":"http:\/\/liemer-rc.com\/?page_id=86"},"modified":"2025-07-14T09:44:09","modified_gmt":"2025-07-14T07:44:09","slug":"erfolge","status":"publish","type":"page","link":"https:\/\/liemer-rc.com\/?page_id=86","title":{"rendered":"Erfolge"},"content":{"rendered":"\t\t<div data-elementor-type=\"wp-page\" data-elementor-id=\"86\" class=\"elementor elementor-86\">\n\t\t\t\t\t\t<section class=\"elementor-section elementor-top-section elementor-element elementor-element-2b6f4a66 elementor-section-boxed elementor-section-height-default elementor-section-height-default\" data-id=\"2b6f4a66\" data-element_type=\"section\" data-e-type=\"section\">\n\t\t\t\t\t\t<div class=\"elementor-container elementor-column-gap-default\">\n\t\t\t\t\t<div class=\"elementor-column elementor-col-100 elementor-top-column elementor-element elementor-element-11ccdd46\" data-id=\"11ccdd46\" data-element_type=\"column\" data-e-type=\"column\">\n\t\t\t<div class=\"elementor-widget-wrap elementor-element-populated\">\n\t\t\t\t\t\t<div class=\"elementor-element elementor-element-30bfe4d0 elementor-widget elementor-widget-text-editor\" data-id=\"30bfe4d0\" data-element_type=\"widget\" data-e-type=\"widget\" data-widget_type=\"text-editor.default\">\n\t\t\t\t<div class=\"elementor-widget-container\">\n\t\t\t\t\t\t\t\t\t\n<h1 class=\"wp-block-heading\" style=\"text-align: left;\"><strong>Erfolge des Liemer RC 1994 e.V.<\/strong><\/h1>\n<h3 style=\"text-align: center;\">3 x Weltmeister:innen<strong style=\"text-align: center; font-size: 16px;\">\u00a0 \u00a0\/\u00a0 \u00a0<\/strong><strong>4 x WM Silber\u00a0 \u00a0\/\u00a0 \u00a01 x WM Bronze<\/strong><\/h3>\n<h3 style=\"text-align: center;\"><strong>3 x Europameister:innen\u00a0 \u00a0\/\u00a0 \u00a0<\/strong><strong>1 x EM Silber<\/strong><\/h3>\n<h3 style=\"text-align: center;\"><strong>38 x Deutsche Meister:innen\u00a0 \u00a0\/\u00a0 \u00a0<\/strong><strong>39 x DM Silber\u00a0 \u00a0\/\u00a0 42<\/strong><strong>\u00a0x DM Bronze<\/strong><\/h3>\n<p>\u00a0<\/p>\n<h2>Sonstige Erfolge<\/h2>\n\n<p><strong>Seit 1995<\/strong><br \/>1. Platz Goldpokalwertung f\u00fcr den besten Kunstradsportverein von NRW<\/p>\n\n<p><strong>2001<\/strong><br \/>1. Platz Goldpokal auf Bundesebene f\u00fcr den besten Kunstradsportverein Deutschland<\/p>\n\n<p><strong>2001<\/strong><br \/>Auszeichnung f\u00fcr vorbildliche Jugendarbeit durch die Firma Bruno Kleine<\/p>\n\n<p><strong>2002<\/strong><br \/>Auszeichnung mit dem Gr\u00fcnen Band vom Deutschen Sportbund und der Dresdner Bank f\u00fcr vorbildliche Talentf\u00f6rderung im Verein<\/p>\n\n<p><strong>2007<\/strong><br \/>Ursula Sander bekommt die Bundesverdienstmedaille f\u00fcr Ihre engagierte Arbeit im Kunstradsport<\/p>\n\n<p><strong>2009<\/strong><br \/>Die Deutschen Meister im 6er-Kunstradfahren werden mit dem Volker Zerbe Preis f\u00fcr vorbildliche Jugendarbeit ausgezeichnet<\/p>\n<p><strong>2025<\/strong><br \/>Antonia Blome wird NRW-Toptalent.<img decoding=\"async\" src=\"http:\/\/www2.liemer-rc.de\/images\/userimg\/welt2006.jpg\" alt=\"\" \/><\/p>\n\n<p class=\"has-text-align-center\"><img decoding=\"async\" src=\"http:\/\/www2.liemer-rc.de\/images\/userimg\/euro2010.jpg\" alt=\"\" \/><\/p>\n\t\t\t\t\t\t\t\t<\/div>\n\t\t\t\t<\/div>\n\t\t\t\t\t<\/div>\n\t\t<\/div>\n\t\t\t\t\t<\/div>\n\t\t<\/section>\n\t\t\t\t<\/div>\n\t\t","protected":false},"excerpt":{"rendered":"<p>Erfolge des Liemer RC 1994 e.V. 3 x Weltmeister:innen\u00a0 \u00a0\/\u00a0 \u00a04 x WM Silber\u00a0 \u00a0\/\u00a0 \u00a01 x WM Bronze 3 x Europameister:innen\u00a0 \u00a0\/\u00a0 \u00a01 x EM Silber 38 x Deutsche Meister:innen\u00a0 \u00a0\/\u00a0 \u00a039 x DM Silber\u00a0 \u00a0\/\u00a0 42\u00a0x DM Bronze \u00a0 Sonstige Erfolge Seit 19951. Platz Goldpokalwertung f\u00fcr den besten Kunstradsportverein von NRW 20011. Platz [&hellip;]<\/p>\n","protected":false},"author":1,"featured_media":0,"parent":0,"menu_order":0,"comment_status":"closed","ping_status":"closed","template":"","meta":{"footnotes":""},"class_list":["post-86","page","type-page","status-publish","hentry","entry"],"_links":{"self":[{"href":"https:\/\/liemer-rc.com\/index.php?rest_route=\/wp\/v2\/pages\/86","targetHints":{"allow":["GET"]}}],"collection":[{"href":"https:\/\/liemer-rc.com\/index.php?rest_route=\/wp\/v2\/pages"}],"about":[{"href":"https:\/\/liemer-rc.com\/index.php?rest_route=\/wp\/v2\/types\/page"}],"author":[{"embeddable":true,"href":"https:\/\/liemer-rc.com\/index.php?rest_route=\/wp\/v2\/users\/1"}],"replies":[{"embeddable":true,"href":"https:\/\/liemer-rc.com\/index.php?rest_route=%2Fwp%2Fv2%2Fcomments&post=86"}],"version-history":[{"count":25,"href":"https:\/\/liemer-rc.com\/index.php?rest_route=\/wp\/v2\/pages\/86\/revisions"}],"predecessor-version":[{"id":1572,"href":"https:\/\/liemer-rc.com\/index.php?rest_route=\/wp\/v2\/pages\/86\/revisions\/1572"}],"wp:attachment":[{"href":"https:\/\/liemer-rc.com\/index.php?rest_route=%2Fwp%2Fv2%2Fmedia&parent=86"}],"curies":[{"name":"wp","href":"https:\/\/api.w.org\/{rel}","templated":true}]}}