{"id":88,"date":"2019-07-17T23:06:13","date_gmt":"2019-07-17T21:06:13","guid":{"rendered":"http:\/\/liemer-rc.com\/?page_id=88"},"modified":"2024-06-03T21:26:28","modified_gmt":"2024-06-03T19:26:28","slug":"ueber-den-verein","status":"publish","type":"page","link":"https:\/\/liemer-rc.com\/?page_id=88","title":{"rendered":"\u00dcber den Verein"},"content":{"rendered":"<h1><strong>Rad-Kunst in Perfektion<\/strong><\/h1>\n<p>Seit seiner Gr\u00fcndung am 07.06.1994 z\u00e4hlt der Liemer RC 1994 e. V. zu den f\u00fchrenden Vereinen im Kunstradsport. In seiner erst kurzen Vereinsgeschichte konnten nicht nur zahlreiche Regional- und Landesmeisterschaften gewonnen werden, auch Deutsche-, Europa- und sogar Weltmeister brachte der Verein hervor.<\/p>\n<p>Die F\u00f6rderung junger Talente, sowie die Begeisterung von Kindern und Jugendlichen f\u00fcr den Leistungssport zu wecken, sind zwei der Hauptziele des erfolgreichen Trainerteams. Best\u00e4tigung findet die hervorragende Vereinsarbeit durch den Bundestrainer, der regelm\u00e4\u00dfig Liemer Sportler in das Nationalteam beruft. Ob 1er, 2er, 4er- oder 6er-Mannschaftsfahren, alle internationalen Disziplinen k\u00f6nnen im Liemer RC erlernt werden.<\/p>\n<figure><img decoding=\"async\" src=\"https:\/\/liemer-rc.com\/wp-content\/uploads\/2024\/06\/IMG_0121-1024x458.jpg\" alt=\"IMG_0121\" \/><\/figure>\n<figure><\/figure>\n<p>Zur\u00fcck<br \/>\nWeiter<\/p>\n","protected":false},"excerpt":{"rendered":"<p>Rad-Kunst in Perfektion Seit seiner Gr\u00fcndung am 07.06.1994 z\u00e4hlt der Liemer RC 1994 e. V. zu den f\u00fchrenden Vereinen im Kunstradsport. In seiner erst kurzen Vereinsgeschichte konnten nicht nur zahlreiche Regional- und Landesmeisterschaften gewonnen werden, auch Deutsche-, Europa- und sogar Weltmeister brachte der Verein hervor. Die F\u00f6rderung junger Talente, sowie die Begeisterung von Kindern und [&hellip;]<\/p>\n","protected":false},"author":1,"featured_media":0,"parent":0,"menu_order":0,"comment_status":"closed","ping_status":"closed","template":"","meta":{"footnotes":""},"class_list":["post-88","page","type-page","status-publish","hentry","entry"],"_links":{"self":[{"href":"https:\/\/liemer-rc.com\/index.php?rest_route=\/wp\/v2\/pages\/88","targetHints":{"allow":["GET"]}}],"collection":[{"href":"https:\/\/liemer-rc.com\/index.php?rest_route=\/wp\/v2\/pages"}],"about":[{"href":"https:\/\/liemer-rc.com\/index.php?rest_route=\/wp\/v2\/types\/page"}],"author":[{"embeddable":true,"href":"https:\/\/liemer-rc.com\/index.php?rest_route=\/wp\/v2\/users\/1"}],"replies":[{"embeddable":true,"href":"https:\/\/liemer-rc.com\/index.php?rest_route=%2Fwp%2Fv2%2Fcomments&post=88"}],"version-history":[{"count":17,"href":"https:\/\/liemer-rc.com\/index.php?rest_route=\/wp\/v2\/pages\/88\/revisions"}],"predecessor-version":[{"id":1284,"href":"https:\/\/liemer-rc.com\/index.php?rest_route=\/wp\/v2\/pages\/88\/revisions\/1284"}],"wp:attachment":[{"href":"https:\/\/liemer-rc.com\/index.php?rest_route=%2Fwp%2Fv2%2Fmedia&parent=88"}],"curies":[{"name":"wp","href":"https:\/\/api.w.org\/{rel}","templated":true}]}}